{"id":121,"date":"2023-12-20T16:25:01","date_gmt":"2023-12-20T16:25:01","guid":{"rendered":"https:\/\/lap50.pt\/?page_id=121"},"modified":"2025-02-13T20:41:51","modified_gmt":"2025-02-13T20:41:51","slug":"contactos","status":"publish","type":"page","link":"https:\/\/lap50.pt\/?page_id=121","title":{"rendered":"\ud83d\udce2 Organiza\u00e7\u00e3o"},"content":{"rendered":"\n<p><strong>\ud83d\udce2 Fala connosco!<\/strong><\/p>\n\n\n\n<p>Tens d\u00favidas sobre a prova? Queres saber mais detalhes sobre os percursos, inscri\u00e7\u00f5es ou qualquer outra informa\u00e7\u00e3o? Estamos aqui para ajudar!<\/p>\n\n\n\n<h3 class=\"wp-block-heading\">\ud83d\udccc <strong>Contato da Organiza\u00e7\u00e3o<\/strong><\/h3>\n\n\n\n<p>\ud83d\udccd <strong>Pedro Costa<\/strong> \u2013 Diretor de Prova<br>\ud83d\udce7 <strong>E-mail:<\/strong> <a>lap50trail@gmail.com<\/a><br>\ud83d\udcde <strong>Telefone:<\/strong> +351 918 657 051<\/p>\n\n\n\n<p>N\u00e3o hesites em entrar em contato! Estamos dispon\u00edveis para esclarecer qualquer quest\u00e3o e garantir que tenhas a melhor experi\u00eancia poss\u00edvel no <strong>LAP50<\/strong>! \ud83d\ude80\ud83c\udfc3\u200d\u2642\ufe0f\ud83c\udf3f<\/p>\n\n\n\n<div class=\"wp-block-group alignfull\"><div class=\"wp-block-group__inner-container is-layout-flow wp-block-group-is-layout-flow\">\n<figure data-wp-context=\"{&quot;imageId&quot;:&quot;6a0948cdbee1b&quot;}\" data-wp-interactive=\"core\/image\" data-wp-key=\"6a0948cdbee1b\" class=\"wp-block-image size-large wp-lightbox-container\"><img loading=\"lazy\" decoding=\"async\" width=\"1024\" height=\"683\" data-wp-class--hide=\"state.isContentHidden\" data-wp-class--show=\"state.isContentVisible\" data-wp-init=\"callbacks.setButtonStyles\" data-wp-on--click=\"actions.showLightbox\" data-wp-on--load=\"callbacks.setButtonStyles\" data-wp-on-window--resize=\"callbacks.setButtonStyles\" src=\"https:\/\/lap50.pt\/wp-content\/uploads\/2023\/12\/BBA5853-1024x683.jpg\" alt=\"\" class=\"wp-image-122\" srcset=\"https:\/\/lap50.pt\/wp-content\/uploads\/2023\/12\/BBA5853-1024x683.jpg 1024w, https:\/\/lap50.pt\/wp-content\/uploads\/2023\/12\/BBA5853-300x200.jpg 300w, https:\/\/lap50.pt\/wp-content\/uploads\/2023\/12\/BBA5853-768x512.jpg 768w, https:\/\/lap50.pt\/wp-content\/uploads\/2023\/12\/BBA5853.jpg 1200w\" sizes=\"auto, (max-width: 1024px) 100vw, 1024px\" \/><button\n\t\t\tclass=\"lightbox-trigger\"\n\t\t\ttype=\"button\"\n\t\t\taria-haspopup=\"dialog\"\n\t\t\taria-label=\"Ampliar\"\n\t\t\tdata-wp-init=\"callbacks.initTriggerButton\"\n\t\t\tdata-wp-on--click=\"actions.showLightbox\"\n\t\t\tdata-wp-style--right=\"state.imageButtonRight\"\n\t\t\tdata-wp-style--top=\"state.imageButtonTop\"\n\t\t>\n\t\t\t<svg xmlns=\"http:\/\/www.w3.org\/2000\/svg\" width=\"12\" height=\"12\" fill=\"none\" viewBox=\"0 0 12 12\">\n\t\t\t\t<path fill=\"#fff\" d=\"M2 0a2 2 0 0 0-2 2v2h1.5V2a.5.5 0 0 1 .5-.5h2V0H2Zm2 10.5H2a.5.5 0 0 1-.5-.5V8H0v2a2 2 0 0 0 2 2h2v-1.5ZM8 12v-1.5h2a.5.5 0 0 0 .5-.5V8H12v2a2 2 0 0 1-2 2H8Zm2-12a2 2 0 0 1 2 2v2h-1.5V2a.5.5 0 0 0-.5-.5H8V0h2Z\" \/>\n\t\t\t<\/svg>\n\t\t<\/button><\/figure>\n<\/div><\/div>\n","protected":false},"excerpt":{"rendered":"<p>\ud83d\udce2 Fala connosco! Tens d\u00favidas sobre a prova? Queres saber mais detalhes sobre os percursos, inscri\u00e7\u00f5es ou qualquer outra informa\u00e7\u00e3o? Estamos aqui para ajudar! \ud83d\udccc Contato da Organiza\u00e7\u00e3o \ud83d\udccd Pedro Costa \u2013 Diretor de Prova\ud83d\udce7 E-mail: lap50trail@gmail.com\ud83d\udcde Telefone: +351 918 657 051 N\u00e3o hesites em entrar em contato! Estamos dispon\u00edveis para esclarecer qualquer quest\u00e3o e [&hellip;]<\/p>\n","protected":false},"author":1,"featured_media":0,"parent":0,"menu_order":0,"comment_status":"closed","ping_status":"closed","template":"","meta":{"footnotes":""},"class_list":["post-121","page","type-page","status-publish","hentry"],"_links":{"self":[{"href":"https:\/\/lap50.pt\/index.php?rest_route=\/wp\/v2\/pages\/121","targetHints":{"allow":["GET"]}}],"collection":[{"href":"https:\/\/lap50.pt\/index.php?rest_route=\/wp\/v2\/pages"}],"about":[{"href":"https:\/\/lap50.pt\/index.php?rest_route=\/wp\/v2\/types\/page"}],"author":[{"embeddable":true,"href":"https:\/\/lap50.pt\/index.php?rest_route=\/wp\/v2\/users\/1"}],"replies":[{"embeddable":true,"href":"https:\/\/lap50.pt\/index.php?rest_route=%2Fwp%2Fv2%2Fcomments&post=121"}],"version-history":[{"count":3,"href":"https:\/\/lap50.pt\/index.php?rest_route=\/wp\/v2\/pages\/121\/revisions"}],"predecessor-version":[{"id":402,"href":"https:\/\/lap50.pt\/index.php?rest_route=\/wp\/v2\/pages\/121\/revisions\/402"}],"wp:attachment":[{"href":"https:\/\/lap50.pt\/index.php?rest_route=%2Fwp%2Fv2%2Fmedia&parent=121"}],"curies":[{"name":"wp","href":"https:\/\/api.w.org\/{rel}","templated":true}]}}